{"id":13,"date":"2012-10-23T14:03:28","date_gmt":"2012-10-23T13:03:28","guid":{"rendered":"http:\/\/www.bigbv.org\/?page_id=13"},"modified":"2020-01-12T13:20:24","modified_gmt":"2020-01-12T12:20:24","slug":"infos-pratiques","status":"publish","type":"page","link":"http:\/\/www.bigbv.org\/?page_id=13","title":{"rendered":"Infos Pratiques"},"content":{"rendered":"<p>Le salon Disque et BD de limay se d\u00e9roule au&nbsp;Complexe sportif Guy M\u00f4quet rue Charles Tellier.<\/p>\n<p><u>Horaires Samedi et Dimanche<\/u> : 10h \u00e0 18h<\/p>\n<p><u>Nombre d\u2019exposants<\/u> : environ 100<\/p>\n<p><u>Tarif Visiteurs<\/u> : 1 \u20ac (gratuit pour les \u2013 15 ans) Valable deux jours<\/p>\n<p><u>Buffet<\/u> : Boissons \/ Sandwichs<\/p>\n<p><strong><em>&nbsp;&nbsp;&nbsp;&nbsp;&nbsp;&nbsp;&nbsp;&nbsp;&nbsp;&nbsp;&nbsp;&nbsp;&nbsp;&nbsp;&nbsp;&nbsp;&nbsp;&nbsp;&nbsp;&nbsp;&nbsp;&nbsp;&nbsp;&nbsp; Parking gratuit<\/em><\/strong><em>&nbsp;&nbsp;&nbsp;&nbsp;&nbsp;&nbsp;&nbsp;&nbsp;&nbsp;&nbsp;&nbsp;&nbsp; &nbsp;&nbsp;&nbsp;&nbsp;&nbsp;&nbsp;&nbsp;&nbsp;&nbsp;&nbsp; <strong>Fl\u00e9chage de la salle<\/strong><\/em><\/p>\n<p><iframe loading=\"lazy\" src=\"https:\/\/maps.google.com\/maps?f=q&amp;source=s_q&amp;hl=fr&amp;geocode=&amp;q=Rue+Charles+Tellier,+Limay,+France&amp;aq=0&amp;oq=Rue+charles,+Limay,+France&amp;sll=48.987242,1.752126&amp;sspn=0.011617,0.027874&amp;ie=UTF8&amp;hq=&amp;hnear=Rue+Charles+Tellier,+78520+Limay,+Yvelines,+%C3%8Ele-de-France,+France&amp;t=m&amp;ll=48.987258,1.752148&amp;spn=0.027036,0.054932&amp;z=14&amp;iwloc=A&amp;output=embed\" width=\"640\" height=\"480\" frameborder=\"0\" marginwidth=\"0\" marginheight=\"0\" scrolling=\"no\"><\/iframe><a style=\"color: #0000ff; text-align: left;\" href=\"https:\/\/maps.google.com\/maps?f=q&amp;source=embed&amp;hl=fr&amp;geocode=&amp;q=Rue+Charles+Tellier,+Limay,+France&amp;aq=0&amp;oq=Rue+charles,+Limay,+France&amp;sll=48.987242,1.752126&amp;sspn=0.011617,0.027874&amp;ie=UTF8&amp;hq=&amp;hnear=Rue+Charles+Tellier,+78520+Limay,+Yvelines,+%C3%8Ele-de-France,+France&amp;t=m&amp;ll=48.987258,1.752148&amp;spn=0.027036,0.054932&amp;z=14&amp;iwloc=A\">Agrandir le plan<\/a><\/p>\n<p>Pour participer, prendre contact avec les organisateurs vous pouvez nous&nbsp;\u00e9crire&nbsp;\u00e0 cette adresse : <a href=\"mailto:asso.bigbv@gmail.com\">asso.bigbv@gmail.com<\/a> ou <strong>06.89.94.80.66.<\/strong><\/p>\n<p>&nbsp;<\/p>\n","protected":false},"excerpt":{"rendered":"<p>Le salon Disque et BD de limay se d\u00e9roule au&nbsp;Complexe sportif Guy M\u00f4quet rue Charles Tellier. Horaires Samedi et Dimanche : 10h \u00e0 18h Nombre d\u2019exposants : environ 100 Tarif Visiteurs : 1 \u20ac (gratuit pour les \u2013 15 ans) Valable deux jours Buffet : Boissons \/ Sandwichs &nbsp;&nbsp;&nbsp;&nbsp;&nbsp;&nbsp;&nbsp;&nbsp;&nbsp;&nbsp;&nbsp;&nbsp;&nbsp;&nbsp;&nbsp;&nbsp;&nbsp;&nbsp;&nbsp;&nbsp;&nbsp;&nbsp;&nbsp;&nbsp; Parking gratuit&nbsp;&nbsp;&nbsp;&nbsp;&nbsp;&nbsp;&nbsp;&nbsp;&nbsp;&nbsp;&nbsp;&nbsp; &nbsp;&nbsp;&nbsp;&nbsp;&nbsp;&nbsp;&nbsp;&nbsp;&nbsp;&nbsp; Fl\u00e9chage de la [&hellip;]<\/p>\n","protected":false},"author":1,"featured_media":0,"parent":0,"menu_order":2,"comment_status":"closed","ping_status":"open","template":"","meta":{"footnotes":""},"class_list":["post-13","page","type-page","status-publish","hentry"],"_links":{"self":[{"href":"http:\/\/www.bigbv.org\/index.php?rest_route=\/wp\/v2\/pages\/13","targetHints":{"allow":["GET"]}}],"collection":[{"href":"http:\/\/www.bigbv.org\/index.php?rest_route=\/wp\/v2\/pages"}],"about":[{"href":"http:\/\/www.bigbv.org\/index.php?rest_route=\/wp\/v2\/types\/page"}],"author":[{"embeddable":true,"href":"http:\/\/www.bigbv.org\/index.php?rest_route=\/wp\/v2\/users\/1"}],"replies":[{"embeddable":true,"href":"http:\/\/www.bigbv.org\/index.php?rest_route=%2Fwp%2Fv2%2Fcomments&post=13"}],"version-history":[{"count":6,"href":"http:\/\/www.bigbv.org\/index.php?rest_route=\/wp\/v2\/pages\/13\/revisions"}],"predecessor-version":[{"id":2031,"href":"http:\/\/www.bigbv.org\/index.php?rest_route=\/wp\/v2\/pages\/13\/revisions\/2031"}],"wp:attachment":[{"href":"http:\/\/www.bigbv.org\/index.php?rest_route=%2Fwp%2Fv2%2Fmedia&parent=13"}],"curies":[{"name":"wp","href":"https:\/\/api.w.org\/{rel}","templated":true}]}}