{"id":2070,"date":"2020-01-12T13:54:10","date_gmt":"2020-01-12T12:54:10","guid":{"rendered":"http:\/\/www.bigbv.org\/?page_id=2070"},"modified":"2020-01-12T13:56:07","modified_gmt":"2020-01-12T12:56:07","slug":"contact","status":"publish","type":"page","link":"https:\/\/www.bigbv.org\/?page_id=2070","title":{"rendered":"&#8212;BBV&#8212;"},"content":{"rendered":"\n<form  class=\"kaliforms-form-container bootstrap-wrapper  \" data-form-id=\"2046\" style=\"opacity:0\"><h3>Formulaire de contact<\/h3><div id=\"kaliforms-global-error-message-2046\" class=\"global-error-message\"><\/div><div class=\"row kali-form-field-row\"><div class=\"col-12 col-md-12 \"><span  data-internal-id=\"freetext0\" type=\"freeText\" id=\"Bonjour\" name=\"freeText\">Bonjour, merci d'utiliser le formulaire suivant pour entrer en contact avec l'association BBV<\/span><\/div><\/div><div class=\"row kali-form-field-row\"><div class=\"col-12\"><hr \/><\/div><\/div><div class=\"row kali-form-field-row\"><div class=\"col-12 col-md-12 \"><span  data-internal-id=\"freetext1\" type=\"freeText\" id=\"name\" name=\"freeText\">NOM et Pr\u00e9nom<\/span><\/div><\/div><div class=\"row kali-form-field-row\"><div class=\"col-12 col-md-6 \"><label  for=\"first-name\">Nom <span class=\"kali-required-mark\">*<\/span><\/label><input  data-internal-id=\"textbox2\" type=\"text\" id=\"first-name\" name=\"Nom\" data-properties.type=\"text\" required ><\/div><div class=\"col-12 col-md-6 \"><label  for=\"last-name\">Pr\u00e9nom <span class=\"kali-required-mark\">*<\/span><\/label><input  data-internal-id=\"textbox3\" type=\"text\" id=\"last-name\" name=\"Pr\u00e9nom\" data-properties.type=\"text\" required ><\/div><\/div><div class=\"row kali-form-field-row\"><div class=\"col-12\"><hr \/><\/div><\/div><div class=\"row kali-form-field-row\"><div class=\"col-12 col-md-12 \"><label  for=\"email\">Email <span class=\"kali-required-mark\">*<\/span><\/label><input  data-internal-id=\"textbox4\" type=\"text\" id=\"email\" name=\"email\" data-properties.type=\"text\" required ><\/div><\/div><div class=\"row kali-form-field-row\"><div class=\"col-12\"><hr \/><\/div><\/div><div class=\"row kali-form-field-row\"><div class=\"col-12 col-md-12 \"><label  for=\"message\">Message <span class=\"kali-required-mark\">*<\/span><\/label><textarea  data-internal-id=\"textarea5\" type=\"textarea\" id=\"message\" name=\"message\"required  class=\"input\" rows=\"4\"><\/textarea><\/div><\/div><div class=\"row kali-form-field-row\"><div class=\"col-12 col-md-12 \"><label class=\"checkbox-label\" style=\"margin-bottom:15px;display:inline-block\">Vous \u00eates int\u00e9ress\u00e9 par :<\/label><label class=\"checkbox-label\"><input  data-internal-id=\"checkbox11\" type=\"checkbox\" id=\"checkbox110\" name=\"checkbox\" data-flow=\"vertical\"  class=\"input\"  value=\"Disques\">Disques<\/label><label class=\"checkbox-label\"><input  data-internal-id=\"checkbox11\" type=\"checkbox\" id=\"checkbox111\" name=\"checkbox\" data-flow=\"vertical\"  class=\"input\"  value=\"BD\">BD<\/label><label class=\"checkbox-label\"><input  data-internal-id=\"checkbox11\" type=\"checkbox\" id=\"checkbox112\" name=\"checkbox\" data-flow=\"vertical\"  class=\"input\"  value=\"Cin\u00e9ma\">Cin\u00e9ma<\/label><label class=\"checkbox-label\"><input  data-internal-id=\"checkbox11\" type=\"checkbox\" id=\"checkbox113\" name=\"checkbox\" data-flow=\"vertical\"  class=\"input\"  value=\"Autres\">Autres<\/label><\/div><\/div><div class=\"row kali-form-field-row\"><div class=\"col-12\"><hr \/><\/div><\/div><div class=\"row kali-form-field-row\"><div class=\"col-12 col-md-12 \"><input  data-internal-id=\"submitbutton6\" type=\"submit\" id=\"submit\" class=\"input\" value=\"Envoyer votre message\" ><\/div><\/div><!-- This form was built using Kali Forms --><\/form>\n","protected":false},"excerpt":{"rendered":"","protected":false},"author":1,"featured_media":0,"parent":0,"menu_order":0,"comment_status":"closed","ping_status":"closed","template":"","meta":{"footnotes":""},"class_list":["post-2070","page","type-page","status-publish","hentry"],"_links":{"self":[{"href":"https:\/\/www.bigbv.org\/index.php?rest_route=\/wp\/v2\/pages\/2070","targetHints":{"allow":["GET"]}}],"collection":[{"href":"https:\/\/www.bigbv.org\/index.php?rest_route=\/wp\/v2\/pages"}],"about":[{"href":"https:\/\/www.bigbv.org\/index.php?rest_route=\/wp\/v2\/types\/page"}],"author":[{"embeddable":true,"href":"https:\/\/www.bigbv.org\/index.php?rest_route=\/wp\/v2\/users\/1"}],"replies":[{"embeddable":true,"href":"https:\/\/www.bigbv.org\/index.php?rest_route=%2Fwp%2Fv2%2Fcomments&post=2070"}],"version-history":[{"count":3,"href":"https:\/\/www.bigbv.org\/index.php?rest_route=\/wp\/v2\/pages\/2070\/revisions"}],"predecessor-version":[{"id":2073,"href":"https:\/\/www.bigbv.org\/index.php?rest_route=\/wp\/v2\/pages\/2070\/revisions\/2073"}],"wp:attachment":[{"href":"https:\/\/www.bigbv.org\/index.php?rest_route=%2Fwp%2Fv2%2Fmedia&parent=2070"}],"curies":[{"name":"wp","href":"https:\/\/api.w.org\/{rel}","templated":true}]}}